{"id":580,"date":"2025-07-24T09:27:57","date_gmt":"2025-07-24T09:27:57","guid":{"rendered":"https:\/\/disjproductions.com\/?page_id=580"},"modified":"2025-09-09T17:50:26","modified_gmt":"2025-09-09T17:50:26","slug":"a-propos","status":"publish","type":"page","link":"https:\/\/disjproductions.com\/en\/a-propos\/","title":{"rendered":"About"},"content":{"rendered":"<div data-elementor-type=\"wp-page\" data-elementor-id=\"580\" class=\"elementor elementor-580\" data-elementor-post-type=\"page\">\n\t\t\t\t<div data-particle_enable=\"false\" data-particle-mobile-disabled=\"false\" class=\"elementor-element elementor-element-e536a78 e-flex e-con-boxed csc-shape-default e-con e-parent\" data-id=\"e536a78\" data-element_type=\"container\">\n\t\t\t\t\t<div class=\"e-con-inner\">\n\t\t<div data-particle_enable=\"false\" data-particle-mobile-disabled=\"false\" data-dce-background-image-url=\"https:\/\/disjproductions.com\/wp-content\/uploads\/2025\/07\/Photo-de-fond-scaled.jpg\" class=\"elementor-element elementor-element-6e3c5b2 e-con-full e-flex csc-shape-default e-con e-child\" data-id=\"6e3c5b2\" data-element_type=\"container\" data-settings=\"{&quot;background_background&quot;:&quot;classic&quot;}\">\n\t\t<div data-particle_enable=\"false\" data-particle-mobile-disabled=\"false\" class=\"elementor-element elementor-element-40cdbaf e-con-full e-flex csc-shape-default e-con e-child\" data-id=\"40cdbaf\" data-element_type=\"container\">\n\t\t<div data-particle_enable=\"false\" data-particle-mobile-disabled=\"false\" class=\"elementor-element elementor-element-20d4857 e-con-full e-flex csc-shape-default e-con e-child\" data-id=\"20d4857\" data-element_type=\"container\">\n\t\t\t\t<div class=\"elementor-element elementor-element-56ce943 elementor-widget elementor-widget-heading\" data-id=\"56ce943\" data-element_type=\"widget\" data-widget_type=\"heading.default\">\n\t\t\t\t\t<h2 class=\"elementor-heading-title elementor-size-default\">THRUSTERS<br>\nSTRONG IDEAS<br>\nSINCE 2013<\/h2>\t\t\t\t<\/div>\n\t\t\t\t<div class=\"elementor-element elementor-element-859ce61 elementor-widget elementor-widget-heading\" data-id=\"859ce61\" data-element_type=\"widget\" data-widget_type=\"heading.default\">\n\t\t\t\t\t<p class=\"elementor-heading-title elementor-size-default\">Founded in 2013 by Simon D.<br>\nDisjonct\u00e9s Productions is an agency<br>\ncreative professional specializing in digital marketing,<br>\nWeb design, SEO, video and branding.<\/p>\t\t\t\t<\/div>\n\t\t\t\t<div class=\"elementor-element elementor-element-3e499ae elementor-widget elementor-widget-heading\" data-id=\"3e499ae\" data-element_type=\"widget\" data-widget_type=\"heading.default\">\n\t\t\t\t\t<p class=\"elementor-heading-title elementor-size-default\">For over 13 years, our mission has been simple:<br>\nhelp the <b>brands<\/b> and the <b>artists<\/b> to stand out<br>\nthanks to impactful, tailor-made solutions and<br>\nanchored in a solid strategy.<\/p>\t\t\t\t<\/div>\n\t\t\t\t<div class=\"elementor-element elementor-element-271456f elementor-widget elementor-widget-heading\" data-id=\"271456f\" data-element_type=\"widget\" data-widget_type=\"heading.default\">\n\t\t\t\t\t<p class=\"elementor-heading-title elementor-size-default\">From local SMEs to emerging artists, and everything in between<br>\nfor growing companies, we offer a<br>\ncomprehensive support, with the same rigor,<br>\nThe same, plus a touch of creative madness.<\/p>\t\t\t\t<\/div>\n\t\t\t\t<div class=\"elementor-element elementor-element-f96b3cc elementor-widget elementor-widget-heading\" data-id=\"f96b3cc\" data-element_type=\"widget\" data-widget_type=\"heading.default\">\n\t\t\t\t\t<p class=\"elementor-heading-title elementor-size-default\">At Disjonct\u00e9s, we don't just deliver services \u2014<\/p>\t\t\t\t<\/div>\n\t\t\t\t<div class=\"elementor-element elementor-element-2455c3d elementor-widget elementor-widget-heading\" data-id=\"2455c3d\" data-element_type=\"widget\" data-widget_type=\"heading.default\">\n\t\t\t\t\t<p class=\"elementor-heading-title elementor-size-default\">WE PROPEL VISIONS.<\/p>\t\t\t\t<\/div>\n\t\t\t\t<\/div>\n\t\t<div data-particle_enable=\"false\" data-particle-mobile-disabled=\"false\" class=\"elementor-element elementor-element-9d0febb e-con-full e-flex csc-shape-default e-con e-child\" data-id=\"9d0febb\" data-element_type=\"container\">\n\t\t\t\t<div class=\"elementor-element elementor-element-f30b9ca wrap-image elementor-widget elementor-widget-image\" data-id=\"f30b9ca\" data-element_type=\"widget\" data-widget_type=\"image.default\">\n\t\t\t\t\t\t\t\t\t\t\t\t\t\t\t<img fetchpriority=\"high\" decoding=\"async\" width=\"232\" height=\"300\" src=\"https:\/\/disjproductions.com\/wp-content\/uploads\/2025\/07\/Simon-D-232x300.jpg\" class=\"attachment-medium size-medium wp-image-85\" alt=\"\" srcset=\"https:\/\/disjproductions.com\/wp-content\/uploads\/2025\/07\/Simon-D-232x300.jpg 232w, https:\/\/disjproductions.com\/wp-content\/uploads\/2025\/07\/Simon-D-791x1024.jpg 791w, https:\/\/disjproductions.com\/wp-content\/uploads\/2025\/07\/Simon-D-768x995.jpg 768w, https:\/\/disjproductions.com\/wp-content\/uploads\/2025\/07\/Simon-D-1186x1536.jpg 1186w, https:\/\/disjproductions.com\/wp-content\/uploads\/2025\/07\/Simon-D-1581x2048.jpg 1581w, https:\/\/disjproductions.com\/wp-content\/uploads\/2025\/07\/Simon-D-scaled.jpg 1976w\" sizes=\"(max-width: 232px) 100vw, 232px\" \/>\t\t\t\t\t\t\t\t\t\t\t\t\t\t\t<\/div>\n\t\t\t\t<div class=\"elementor-element elementor-element-bf7c648 elementor-widget elementor-widget-heading\" data-id=\"bf7c648\" data-element_type=\"widget\" data-widget_type=\"heading.default\">\n\t\t\t\t\t<h2 class=\"elementor-heading-title elementor-size-default\">Simon D.<\/h2>\t\t\t\t<\/div>\n\t\t\t\t<div class=\"elementor-element elementor-element-6a47767 elementor-widget elementor-widget-heading\" data-id=\"6a47767\" data-element_type=\"widget\" data-widget_type=\"heading.default\">\n\t\t\t\t\t<h2 class=\"elementor-heading-title elementor-size-default\">Founder &amp; Creative Director<\/h2>\t\t\t\t<\/div>\n\t\t\t\t<\/div>\n\t\t\t\t<\/div>\n\t\t\t\t<\/div>\n\t\t\t\t\t<\/div>\n\t\t\t\t<\/div>\n\t\t<div data-particle_enable=\"false\" data-particle-mobile-disabled=\"false\" class=\"elementor-element elementor-element-9a8395b e-flex e-con-boxed csc-shape-default e-con e-parent\" data-id=\"9a8395b\" data-element_type=\"container\">\n\t\t\t\t\t<div class=\"e-con-inner\">\n\t\t\t\t<div class=\"elementor-element elementor-element-5ce08b7 elementor-widget elementor-widget-spacer\" data-id=\"5ce08b7\" data-element_type=\"widget\" data-widget_type=\"spacer.default\">\n\t\t\t\t\t\t\t<div class=\"elementor-spacer\">\n\t\t\t<div class=\"elementor-spacer-inner\"><\/div>\n\t\t<\/div>\n\t\t\t\t\t\t<\/div>\n\t\t\t\t\t<\/div>\n\t\t\t\t<\/div>\n\t\t\t\t<\/div>","protected":false},"excerpt":{"rendered":"<p>PROPULSEURS D&rsquo;ID\u00c9ES FORTES DEPUIS 2013 Fond\u00e9e en 2013 par Simon. D Disjonct\u00e9s Productions est une agence cr\u00e9ative sp\u00e9cialis\u00e9e en marketing num\u00e9rique, conception web, SEO, vid\u00e9o et branding. Depuis plus de 13 ans, notre mission est simple : aider les marques et les artistes \u00e0 se d\u00e9marquer gr\u00e2ce \u00e0 des solutions percutantes, sur mesure et ancr\u00e9es [&hellip;]<\/p>","protected":false},"author":1,"featured_media":0,"parent":0,"menu_order":0,"comment_status":"closed","ping_status":"closed","template":"","meta":{"_glsr_average":0,"_glsr_ranking":0,"_glsr_reviews":0,"footnotes":""},"class_list":["post-580","page","type-page","status-publish","hentry"],"_links":{"self":[{"href":"https:\/\/disjproductions.com\/en\/wp-json\/wp\/v2\/pages\/580","targetHints":{"allow":["GET"]}}],"collection":[{"href":"https:\/\/disjproductions.com\/en\/wp-json\/wp\/v2\/pages"}],"about":[{"href":"https:\/\/disjproductions.com\/en\/wp-json\/wp\/v2\/types\/page"}],"author":[{"embeddable":true,"href":"https:\/\/disjproductions.com\/en\/wp-json\/wp\/v2\/users\/1"}],"replies":[{"embeddable":true,"href":"https:\/\/disjproductions.com\/en\/wp-json\/wp\/v2\/comments?post=580"}],"version-history":[{"count":49,"href":"https:\/\/disjproductions.com\/en\/wp-json\/wp\/v2\/pages\/580\/revisions"}],"predecessor-version":[{"id":1571,"href":"https:\/\/disjproductions.com\/en\/wp-json\/wp\/v2\/pages\/580\/revisions\/1571"}],"wp:attachment":[{"href":"https:\/\/disjproductions.com\/en\/wp-json\/wp\/v2\/media?parent=580"}],"curies":[{"name":"wp","href":"https:\/\/api.w.org\/{rel}","templated":true}]}}